{"id":2883,"date":"2024-10-07T07:45:44","date_gmt":"2024-10-07T07:45:44","guid":{"rendered":"https:\/\/multivalles.com\/?post_type=product&#038;p=2883"},"modified":"2024-10-14T15:30:04","modified_gmt":"2024-10-14T15:30:04","slug":"bandeja-carton","status":"publish","type":"product","link":"https:\/\/multivalles.com\/es\/product\/bandeja-carton\/","title":{"rendered":"BANDEJA CARTON"},"content":{"rendered":"<p>100% cart\u00f3<br \/>\nCertificat aptitud contacto alimentari<br \/>\n100% PL\u00c0STIC FREE<br \/>\nFabricaci\u00f3 KM0<\/p>","protected":false},"excerpt":{"rendered":"<p>100% cart\u00f3 Certificat aptitud contacto alimentari 100% PL\u00c0STIC FREE Fabricaci\u00f3 KM0<\/p>","protected":false},"featured_media":3030,"comment_status":"open","ping_status":"closed","template":"","meta":[],"product_cat":[67,28],"product_tag":[],"class_list":{"0":"post-2883","1":"product","2":"type-product","3":"status-publish","4":"has-post-thumbnail","6":"product_cat-alimentacio","7":"product_cat-safates","9":"first","10":"outofstock","11":"shipping-taxable","12":"product-type-simple"},"_links":{"self":[{"href":"https:\/\/multivalles.com\/es\/wp-json\/wp\/v2\/product\/2883","targetHints":{"allow":["GET"]}}],"collection":[{"href":"https:\/\/multivalles.com\/es\/wp-json\/wp\/v2\/product"}],"about":[{"href":"https:\/\/multivalles.com\/es\/wp-json\/wp\/v2\/types\/product"}],"replies":[{"embeddable":true,"href":"https:\/\/multivalles.com\/es\/wp-json\/wp\/v2\/comments?post=2883"}],"wp:featuredmedia":[{"embeddable":true,"href":"https:\/\/multivalles.com\/es\/wp-json\/wp\/v2\/media\/3030"}],"wp:attachment":[{"href":"https:\/\/multivalles.com\/es\/wp-json\/wp\/v2\/media?parent=2883"}],"wp:term":[{"taxonomy":"product_cat","embeddable":true,"href":"https:\/\/multivalles.com\/es\/wp-json\/wp\/v2\/product_cat?post=2883"},{"taxonomy":"product_tag","embeddable":true,"href":"https:\/\/multivalles.com\/es\/wp-json\/wp\/v2\/product_tag?post=2883"}],"curies":[{"name":"wp","href":"https:\/\/api.w.org\/{rel}","templated":true}]}}