{"id":2866,"date":"2024-10-04T06:16:50","date_gmt":"2024-10-04T06:16:50","guid":{"rendered":"https:\/\/multivalles.com\/?post_type=product&#038;p=2866"},"modified":"2024-10-04T06:46:33","modified_gmt":"2024-10-04T06:46:33","slug":"bandeja-celulosa-pla","status":"publish","type":"product","link":"https:\/\/multivalles.com\/es\/product\/bandeja-celulosa-pla\/","title":{"rendered":"BANDEJA CELULOSA + PLA"},"content":{"rendered":"","protected":false},"excerpt":{"rendered":"<p>Resist\u00e8ncia t\u00e8rmica: -20\u00e8 &#8211; 175\u00e8<br \/>\nEnv\u00e0s 100% compostable<br \/>\nCel\u00b7lulosa verge<br \/>\nFilm PLA<\/p>","protected":false},"featured_media":2867,"comment_status":"open","ping_status":"closed","template":"","meta":[],"product_cat":[67],"product_tag":[],"class_list":{"0":"post-2866","1":"product","2":"type-product","3":"status-publish","4":"has-post-thumbnail","6":"product_cat-alimentacio","8":"first","9":"outofstock","10":"shipping-taxable","11":"product-type-simple"},"_links":{"self":[{"href":"https:\/\/multivalles.com\/es\/wp-json\/wp\/v2\/product\/2866","targetHints":{"allow":["GET"]}}],"collection":[{"href":"https:\/\/multivalles.com\/es\/wp-json\/wp\/v2\/product"}],"about":[{"href":"https:\/\/multivalles.com\/es\/wp-json\/wp\/v2\/types\/product"}],"replies":[{"embeddable":true,"href":"https:\/\/multivalles.com\/es\/wp-json\/wp\/v2\/comments?post=2866"}],"wp:featuredmedia":[{"embeddable":true,"href":"https:\/\/multivalles.com\/es\/wp-json\/wp\/v2\/media\/2867"}],"wp:attachment":[{"href":"https:\/\/multivalles.com\/es\/wp-json\/wp\/v2\/media?parent=2866"}],"wp:term":[{"taxonomy":"product_cat","embeddable":true,"href":"https:\/\/multivalles.com\/es\/wp-json\/wp\/v2\/product_cat?post=2866"},{"taxonomy":"product_tag","embeddable":true,"href":"https:\/\/multivalles.com\/es\/wp-json\/wp\/v2\/product_tag?post=2866"}],"curies":[{"name":"wp","href":"https:\/\/api.w.org\/{rel}","templated":true}]}}